{"id":10,"date":"2019-09-01T18:45:47","date_gmt":"2019-09-01T18:45:47","guid":{"rendered":"http:\/\/anwalt.net.pl\/?page_id=10"},"modified":"2025-09-08T20:11:54","modified_gmt":"2025-09-08T18:11:54","slug":"leistungen","status":"publish","type":"page","link":"https:\/\/anwalt.net.pl\/pl\/leistungen\/","title":{"rendered":"Zakres us\u0142ug"},"content":{"rendered":"<div class=\"wp-block-image\">\n<figure class=\"alignleft is-resized\"><img loading=\"lazy\" decoding=\"async\" width=\"300\" height=\"199\" src=\"https:\/\/anwalt.net.pl\/wp-content\/uploads\/2019\/09\/DSC_5089.jpg\" alt=\"\" class=\"wp-image-33\" style=\"aspect-ratio:1.4954128440366972;width:304px;height:auto\"\/><figcaption class=\"wp-element-caption\">Postgeb\u00e4ude in G\u00f6rlitz<\/figcaption><\/figure><\/div>\n\n\n<p><strong>Dzia\u0142alno\u015b\u0107 adwokacka<\/strong><br>Zajmuj\u0119 si\u0119 przede wszystkim<\/p>\n\n\n\n<p><strong>PRAWO PRACY<\/strong><\/p>\n\n\n\n<ul class=\"wp-block-list\">\n<li>ochrona stosunku pracy w przypadku wypowiedzenia<\/li>\n\n\n\n<li>dochodzenie roszcze\u0144 z tytu\u0142u wynagrodzenia za prac\u0119<\/li>\n\n\n\n<li>chorobowe<\/li>\n\n\n\n<li>ekwiwalent za urlop<\/li>\n\n\n\n<li>zast\u0119pstwo pozas\u0105dowe i s\u0105dowe <\/li>\n<\/ul>\n\n\n\n<p><strong>PRAWO KARNE<\/strong><\/p>\n\n\n\n<ul class=\"wp-block-list\">\n<li>obrona w sprawach karnych<\/li>\n\n\n\n<li>sprzeciw od nakazu karnego<\/li>\n\n\n\n<li>ucieczka z miejsca wypadku, jazda pod wp\u0142ywem alkoholu, sprawy zwi\u0105zane z prawem jazdy, oszustwo \u015bwiadcze\u0144 socjalnych, uszkodzenie cia\u0142a, kradzie\u017c<\/li>\n\n\n\n<li>reprezentacja poszkodowanych<\/li>\n<\/ul>\n\n\n\n<p><strong>PRAWO SPADKOWE<\/strong><\/p>\n\n\n\n<ul class=\"wp-block-list\">\n<li>dochodzenie roszcze\u0144 spadkowych<\/li>\n\n\n\n<li>odrzucenie spadku<\/li>\n\n\n\n<li>podzia\u0142 spadku<\/li>\n\n\n\n<li>testamenty<\/li>\n<\/ul>\n\n\n\n<p><strong>PRAWO RUCHU DROGOWEGO<\/strong><\/p>\n\n\n\n<ul class=\"wp-block-list\">\n<li>dochodzenie odszkodowa\u0144 po wypadkach drogowych<\/li>\n\n\n\n<li>wed\u0142ug niemieckiego i polskiego prawa<\/li>\n\n\n\n<li>zado\u015b\u0107uczynienie<\/li>\n\n\n\n<li>pozas\u0105dowa likwidacja szk\u00f3d<\/li>\n<\/ul>\n\n\n\n<p><strong>POSZUKIWANIE SPADKOBIERC\u00d3W<\/strong><br>Ch\u0119tnie podejm\u0119 si\u0119 zlece\u0144 zwi\u0105zanych z poszukiwaniem spadkobierc\u00f3w w Polsce i pozyskiwaniem odpowiednich dokument\u00f3w z polskich urz\u0119d\u00f3w i archiw\u00f3w. Osobiste poszukiwania przeprowadzam najch\u0119tniej na Dolnym \u015al\u0105sku.<\/p>\n\n\n\n<p><strong>T\u0141UMACZENIA<\/strong><br>Jako t\u0142umacz j\u0119zyka polskiego publicznie ustanowiony i og\u00f3lnie zaprzysi\u0119\u017cony przez prezydenta Landgerichtu Dresden jestem uprawniony do sporz\u0105dzania t\u0142umacze\u0144 przysi\u0119g\u0142ych. T\u0142umaczenia, kt\u00f3re maj\u0105 zosta\u0107 przed\u0142o\u017cone niemieckim urz\u0119dom, wymagaj\u0105 po\u015bwiadczenia t\u0142umacza przysi\u0119g\u0142ego wed\u0142ug prawa niemieckiego. T\u0142umaczenie przysi\u0119g\u0142e sporz\u0105dzone przez t\u0142umacza przysi\u0119g\u0142ego wed\u0142ug prawa polskiego nie spe\u0142nia tych wymog\u00f3w. Dotyczy to w szczeg\u00f3lno\u015bci \u015bwiadectw i innych dokument\u00f3w przedk\u0142adanych w ramach post\u0119powa\u0144 o uznanie zagranicznych dyplom\u00f3w.<\/p>","protected":false},"excerpt":{"rendered":"<p>Anwaltliche T\u00e4tigkeitIch befasse mich vor allem mit ARBEITSRECHT STRAFRECHT ERBRECHT VERKEHRSRECHT ERBENERMITTLUNGENGerne \u00fcbernehme ich Erbenermittlungsauftr\u00e4ge in Polen und beschaffe die entsprechenden Unterlagen von polnischen Beh\u00f6rden und Archiven. Pers\u00f6nliche Recherchen betreibe ich am liebsten in Niederschlesien. \u00dcBERSETZUNGENAls durch den Pr\u00e4sidenten das &hellip; <a href=\"https:\/\/anwalt.net.pl\/pl\/leistungen\/\">Czytaj dalej <span class=\"meta-nav\">&rarr;<\/span><\/a><\/p>","protected":false},"author":1,"featured_media":0,"parent":0,"menu_order":0,"comment_status":"closed","ping_status":"closed","template":"","meta":{"footnotes":""},"class_list":["post-10","page","type-page","status-publish","hentry"],"_links":{"self":[{"href":"https:\/\/anwalt.net.pl\/pl\/wp-json\/wp\/v2\/pages\/10","targetHints":{"allow":["GET"]}}],"collection":[{"href":"https:\/\/anwalt.net.pl\/pl\/wp-json\/wp\/v2\/pages"}],"about":[{"href":"https:\/\/anwalt.net.pl\/pl\/wp-json\/wp\/v2\/types\/page"}],"author":[{"embeddable":true,"href":"https:\/\/anwalt.net.pl\/pl\/wp-json\/wp\/v2\/users\/1"}],"replies":[{"embeddable":true,"href":"https:\/\/anwalt.net.pl\/pl\/wp-json\/wp\/v2\/comments?post=10"}],"version-history":[{"count":25,"href":"https:\/\/anwalt.net.pl\/pl\/wp-json\/wp\/v2\/pages\/10\/revisions"}],"predecessor-version":[{"id":304,"href":"https:\/\/anwalt.net.pl\/pl\/wp-json\/wp\/v2\/pages\/10\/revisions\/304"}],"wp:attachment":[{"href":"https:\/\/anwalt.net.pl\/pl\/wp-json\/wp\/v2\/media?parent=10"}],"curies":[{"name":"wp","href":"https:\/\/api.w.org\/{rel}","templated":true}]}}