{"id":12,"date":"2019-09-01T18:45:47","date_gmt":"2019-09-01T18:45:47","guid":{"rendered":"http:\/\/anwalt.net.pl\/?page_id=12"},"modified":"2024-04-18T22:00:19","modified_gmt":"2024-04-18T20:00:19","slug":"impressum","status":"publish","type":"page","link":"https:\/\/anwalt.net.pl\/pl\/impressum\/","title":{"rendered":"Nota prawna"},"content":{"rendered":"<div class=\"wp-block-image\">\n<figure class=\"alignleft is-resized\"><img loading=\"lazy\" decoding=\"async\" src=\"https:\/\/anwalt.net.pl\/wp-content\/uploads\/2019\/09\/DSC_5116.jpg\" alt=\"\" class=\"wp-image-37\" width=\"197\" height=\"308\"\/><figcaption class=\"wp-element-caption\">Kunstvoll geschmiedetes Tor, Jakobstra\u00dfe in G\u00f6rlitz<\/figcaption><\/figure><\/div>\n\n\n<p><strong>\u015awiadcz\u0105cy i odpowiedzialny<\/strong><br>Rechtsanwalt Kamil Gw\u00f3\u017ad\u017a,<br>Elisabethstr. 42\/43, 02826 G\u00f6rlitz<br><br>Telefon: +49 (0) 3581 38 94 03<br>Faks: +49 (0) 3581 84 66 80<br>E-Mail: info@anwalt.net.pl<br>URL: www.anwalt.net.pl<br><br><strong>W\u0142a\u015bciwy organ nadzorczy<\/strong><br>Rechtsanwaltskammer Sachsen,<br>Glacisstra\u00dfe 6, 01099 Dresden<br><br><strong>Procedura za\u017cegnywania spor\u00f3w<\/strong><br>Link do platformy za\u017cegnywania spor\u00f3w w trybie online UE:&nbsp;<a rel=\"noreferrer noopener\" href=\"http:\/\/ec.europa.eu\/consumers\/odr\/\" target=\"_blank\">http:\/\/ec.europa.eu\/consumers\/odr\/<\/a><br>\u015awiadcz\u0105cy nie jest ani gotowy ani zaobowi\u0105zany do udzia\u0142u w post\u0119powaniach ugodowych przed konsumenckimi biurami mediacyjnymi.<\/p>\n\n\n\n<p><strong>Tytu\u0142 zawodowy<\/strong><br>Rechtsanwalt, nadany w Republice Federalnej Niemiec<\/p>\n\n\n\n<p><strong>Numer identyfikacji podatkowej VAT<\/strong><br>DE273326425<br><br><strong>Regulacje prawne wykonywania zawodu<\/strong><br>Rechtsanwalt Kamil Gw\u00f3\u017ad\u017a podlega przepisom reguluj\u0105cym wykonywanie zawodu, w szczeg\u00f3lno\u015bci<\/p>\n\n\n\n<ul class=\"wp-block-list\">\n<li>Bundesrechtsanwaltsordnung (BRAO)<\/li>\n\n\n\n<li>Berufsordnung f\u00fcr Rechtsanw\u00e4lte (BORA)<\/li>\n\n\n\n<li>Rechtsanwaltsverg\u00fctungsgesetz (RVG)<\/li>\n<\/ul>\n\n\n\n<p>Ww. przepisy zosta\u0142y udost\u0119pnione na stronie internetowej Bundesrechtsanwaltskammer (<a href=\"http:\/\/www.brak.de\" target=\"_blank\" rel=\"noreferrer noopener\">www.brak.de<\/a>) do wgl\u0105du i pobrania.<\/p>\n\n\n\n<p><strong>Ubezpieczenie odpowiedzialno\u015bci cywilnej adwokat\u00f3w<\/strong><br>R+V Allgemeine Versicherungen AG, Taunusstr. 1, 65193 Wiesbaden. Kwota ubezpieczeniowa za ka\u017cdy przypadek ubezpieczeniowy wynosi do 250.000,- EUR. Ochrona ubezpieczeniowa obejmuje doradztwo w zakresie prawa innych pa\u0144stw cz\u0142onkowskich Unii Europejskiej oraz zast\u0119pstwo przed s\u0105dami tych pa\u0144stw.<\/p>\n\n\n\n<p><strong>Prawo autorskie<\/strong><br>Materia\u0142 zdj\u0119ciowy przedstawia \u2013 o ile nie podano wyra\u017anie innego \u017ar\u00f3d\u0142a \u2013 widoki miasta G\u00f6rlitz wykonane przez \u015bwiadcz\u0105cego. Zdj\u0119cia zosta\u0142y wykonane z miejsc og\u00f3lnie dost\u0119pnych (\u00a7 59 UrhG).<\/p>\n\n\n\n<p><\/p>","protected":false},"excerpt":{"rendered":"<p>Anbieter und VerantwortlicherRechtsanwalt Kamil Gw\u00f3\u017ad\u017a,Elisabethstr. 42\/43, 02826 G\u00f6rlitz Telefon: +49 (0) 3581 38 94 03Fax: +49 (0) 3581 84 66 80E-Mail: info@anwalt.net.plURL: www.anwalt.net.pl Zust\u00e4ndige Aufsichtsbeh\u00f6rdeRechtsanwaltskammer Sachsen,Glacisstra\u00dfe 6, 01099 Dresden StreitbeilegungLink zur Online-Streitbeilegungs-Plattform der EU:&nbsp;http:\/\/ec.europa.eu\/consumers\/odr\/Der Anbieter ist weder bereit noch verpflichtet, &hellip; <a href=\"https:\/\/anwalt.net.pl\/pl\/impressum\/\">Czytaj dalej <span class=\"meta-nav\">&rarr;<\/span><\/a><\/p>","protected":false},"author":1,"featured_media":0,"parent":0,"menu_order":0,"comment_status":"closed","ping_status":"closed","template":"","meta":{"footnotes":""},"class_list":["post-12","page","type-page","status-publish","hentry"],"_links":{"self":[{"href":"https:\/\/anwalt.net.pl\/pl\/wp-json\/wp\/v2\/pages\/12","targetHints":{"allow":["GET"]}}],"collection":[{"href":"https:\/\/anwalt.net.pl\/pl\/wp-json\/wp\/v2\/pages"}],"about":[{"href":"https:\/\/anwalt.net.pl\/pl\/wp-json\/wp\/v2\/types\/page"}],"author":[{"embeddable":true,"href":"https:\/\/anwalt.net.pl\/pl\/wp-json\/wp\/v2\/users\/1"}],"replies":[{"embeddable":true,"href":"https:\/\/anwalt.net.pl\/pl\/wp-json\/wp\/v2\/comments?post=12"}],"version-history":[{"count":9,"href":"https:\/\/anwalt.net.pl\/pl\/wp-json\/wp\/v2\/pages\/12\/revisions"}],"predecessor-version":[{"id":276,"href":"https:\/\/anwalt.net.pl\/pl\/wp-json\/wp\/v2\/pages\/12\/revisions\/276"}],"wp:attachment":[{"href":"https:\/\/anwalt.net.pl\/pl\/wp-json\/wp\/v2\/media?parent=12"}],"curies":[{"name":"wp","href":"https:\/\/api.w.org\/{rel}","templated":true}]}}