{"id":13,"date":"2019-09-01T18:45:47","date_gmt":"2019-09-01T18:45:47","guid":{"rendered":"http:\/\/anwalt.net.pl\/?page_id=13"},"modified":"2024-07-18T13:03:15","modified_gmt":"2024-07-18T11:03:15","slug":"kontakt","status":"publish","type":"page","link":"https:\/\/anwalt.net.pl\/pl\/kontakt\/","title":{"rendered":"Kontakt"},"content":{"rendered":"<div class=\"wp-block-image\">\n<figure class=\"alignleft is-resized\"><img loading=\"lazy\" decoding=\"async\" src=\"https:\/\/anwalt.net.pl\/wp-content\/uploads\/2019\/09\/DSC_5103.jpg\" alt=\"\" class=\"wp-image-36\" width=\"263\" height=\"175\"\/><figcaption class=\"wp-element-caption\">Historisches Kaufhaus, Marienplatz in G\u00f6rlitz<\/figcaption><\/figure><\/div>\n\n\n<p><strong>Adres<\/strong><br>Rechtsanwalt Kamil Gw\u00f3\u017ad\u017a, Elisabethstr. 42\/43, 02826 G\u00f6rlitz<br><br><strong>Telefon<\/strong><br>+49 (0) 3581 38 94 03<br><br><strong>Faks<\/strong><br>+49 (0) 3581 84 66 80<br><strong>E-Mail<\/strong><br>info@anwalt.net.pl<br><br><strong>Dojazd<\/strong><br>Jak na mapce przedstawionej poni\u017cej. W bezpo\u015brednim s\u0105siedztwie znajduj\u0105 si\u0119 miejsca parkingowe.<\/p>\n\n\n\n<<iframe loading=\"lazy\" src=\"https:\/\/www.google.com\/maps\/embed?pb=!1m18!1m12!1m3!1d2502.560470057053!2d14.985708515007062!3d51.153455879578544!2m3!1f0!2f0!3f0!3m2!1i1024!2i768!4f13.1!3m3!1m2!1s0x4708dc3aeb06d8b3%3A0x4c9518cb602cb032!2sElisabethstra%C3%9Fe%2042%2C%2002826%20G%C3%B6rlitz%2C%20Germany!5e0!3m2!1sen!2spl!4v1567372577364!5m2!1sen!2spl\" width=\"400\" height=\"300\" frameborder=\"0\" style=\"border:0;\" allowfullscreen=\"\"><\/iframe>","protected":false},"excerpt":{"rendered":"<p>AnschriftRechtsanwalt Kamil Gw\u00f3\u017ad\u017a, Elisabethstr. 42\/43, 02826 G\u00f6rlitz Telefon+49 (0) 3581 38 94 03 Fax+49 (0) 3581 84 66 80E-Mailinfo@anwalt.net.pl AnfahrtWie auf der unten abgebildeten Karte dargestellt. Parkm\u00f6glichkeiten sind in unmittelbarer N\u00e4he vorhanden.<\/p>","protected":false},"author":1,"featured_media":0,"parent":0,"menu_order":0,"comment_status":"closed","ping_status":"closed","template":"","meta":{"footnotes":""},"class_list":["post-13","page","type-page","status-publish","hentry"],"_links":{"self":[{"href":"https:\/\/anwalt.net.pl\/pl\/wp-json\/wp\/v2\/pages\/13","targetHints":{"allow":["GET"]}}],"collection":[{"href":"https:\/\/anwalt.net.pl\/pl\/wp-json\/wp\/v2\/pages"}],"about":[{"href":"https:\/\/anwalt.net.pl\/pl\/wp-json\/wp\/v2\/types\/page"}],"author":[{"embeddable":true,"href":"https:\/\/anwalt.net.pl\/pl\/wp-json\/wp\/v2\/users\/1"}],"replies":[{"embeddable":true,"href":"https:\/\/anwalt.net.pl\/pl\/wp-json\/wp\/v2\/comments?post=13"}],"version-history":[{"count":7,"href":"https:\/\/anwalt.net.pl\/pl\/wp-json\/wp\/v2\/pages\/13\/revisions"}],"predecessor-version":[{"id":281,"href":"https:\/\/anwalt.net.pl\/pl\/wp-json\/wp\/v2\/pages\/13\/revisions\/281"}],"wp:attachment":[{"href":"https:\/\/anwalt.net.pl\/pl\/wp-json\/wp\/v2\/media?parent=13"}],"curies":[{"name":"wp","href":"https:\/\/api.w.org\/{rel}","templated":true}]}}