{"id":271,"date":"2024-04-18T21:36:31","date_gmt":"2024-04-18T19:36:31","guid":{"rendered":"https:\/\/anwalt.net.pl\/?page_id=271"},"modified":"2024-04-18T21:48:37","modified_gmt":"2024-04-18T19:48:37","slug":"stellenangebote","status":"publish","type":"page","link":"https:\/\/anwalt.net.pl\/pl\/stellenangebote\/","title":{"rendered":"Oferty pracy"},"content":{"rendered":"<p>Zatrudni\u0119<\/p>\n\n\n\n<p><strong>Rechtsanwalt (m\/w\/d)<\/strong><br><br>z bardzo dobr\u0105 znajomo\u015bci\u0105 j\u0119zyka polskiego w mojej indywidualnej kancelarii w G\u00f6rlitz. Zajmuj\u0119 si\u0119 przede wszystkim og\u00f3lnym prawem cywilnym, prawem pracy, prawem karnym, prawem wypadk\u00f3w komunikacyjnych, prawem konkurencji. S\u0105 Pa\u0144stwo zainteresowani elastycznymi godzinami pracy, prac\u0105 zdaln\u0105 i wynagrodzeniem uzale\u017cnionym od wynik\u00f3w? W takim razie zapraszam do z\u0142o\u017cenia aplikacji poczt\u0105 elektroniczn\u0105 na adres: <a href=\"mailto:info@anwalt.net.pl\">info@anwalt.net.pl<\/a>.<\/p>","protected":false},"excerpt":{"rendered":"<p>Stelle ein Rechtsanwalt (m\/w\/d) mit sehr guten Polnischkenntnissen f\u00fcr meine Einzelkanzlei in G\u00f6rlitz. T\u00e4tigkeitsschwerpunkte sind allgemeines Zivilrecht, Arbeitsrecht, Strafrecht, Verkehrsunfallrecht, Wettbewerbsrecht. Haben Sie Interesse an flexiblen Arbeitszeiten, Arbeiten im Homeoffice und einer erfolgsorientierten Verg\u00fctung? Dann bewerben Sie sich per E-Mail &hellip; <a href=\"https:\/\/anwalt.net.pl\/pl\/stellenangebote\/\">Czytaj dalej <span class=\"meta-nav\">&rarr;<\/span><\/a><\/p>","protected":false},"author":1,"featured_media":0,"parent":0,"menu_order":0,"comment_status":"closed","ping_status":"closed","template":"","meta":{"footnotes":""},"class_list":["post-271","page","type-page","status-publish","hentry"],"_links":{"self":[{"href":"https:\/\/anwalt.net.pl\/pl\/wp-json\/wp\/v2\/pages\/271","targetHints":{"allow":["GET"]}}],"collection":[{"href":"https:\/\/anwalt.net.pl\/pl\/wp-json\/wp\/v2\/pages"}],"about":[{"href":"https:\/\/anwalt.net.pl\/pl\/wp-json\/wp\/v2\/types\/page"}],"author":[{"embeddable":true,"href":"https:\/\/anwalt.net.pl\/pl\/wp-json\/wp\/v2\/users\/1"}],"replies":[{"embeddable":true,"href":"https:\/\/anwalt.net.pl\/pl\/wp-json\/wp\/v2\/comments?post=271"}],"version-history":[{"count":2,"href":"https:\/\/anwalt.net.pl\/pl\/wp-json\/wp\/v2\/pages\/271\/revisions"}],"predecessor-version":[{"id":275,"href":"https:\/\/anwalt.net.pl\/pl\/wp-json\/wp\/v2\/pages\/271\/revisions\/275"}],"wp:attachment":[{"href":"https:\/\/anwalt.net.pl\/pl\/wp-json\/wp\/v2\/media?parent=271"}],"curies":[{"name":"wp","href":"https:\/\/api.w.org\/{rel}","templated":true}]}}