{"id":6,"date":"2019-09-01T18:42:43","date_gmt":"2019-09-01T18:42:43","guid":{"rendered":"http:\/\/anwalt.net.pl\/?page_id=6"},"modified":"2025-10-26T18:42:12","modified_gmt":"2025-10-26T17:42:12","slug":"uber-mich","status":"publish","type":"page","link":"https:\/\/anwalt.net.pl\/pl\/","title":{"rendered":"O mnie"},"content":{"rendered":"<div class=\"wp-block-image\">\n<figure class=\"alignright size-large is-resized\"><img loading=\"lazy\" decoding=\"async\" width=\"1024\" height=\"932\" src=\"https:\/\/anwalt.net.pl\/wp-content\/uploads\/2025\/09\/bei_der_Arbeit-1-1024x932.jpg\" alt=\"\" class=\"wp-image-297\" style=\"width:242px;height:auto\"\/><\/figure><\/div>\n\n\n<ul class=\"wp-block-list\">\n<li>urodzony w 1977 r. w Radomiu<\/li>\n\n\n\n<li>1998 do 2003 studia prawnicze na Ruhr-Universit\u00e4t Bochum<\/li>\n\n\n\n<li>2003 do 2005 aplikacja w S\u0105dzie Okr\u0119gowym w  Bochum<\/li>\n\n\n\n<li>2005 do 2009 wykonywanie zawodu Rechtsanwalta w Dortmundzie<\/li>\n\n\n\n<li>2006 do 2009 wpis na list\u0119 adwokat\u00f3w zagranicznych we Wroc\u0142awiu<\/li>\n\n\n\n<li>od 2010 publicznie ustanowiony i og\u00f3lnie zaprzysi\u0119\u017cony t\u0142umacz j\u0119zyka polskiego<\/li>\n\n\n\n<li>od 2010 wykonywanie zawodu Rechtsanwalta w G\u00f6rlitz<\/li>\n\n\n\n<li>\u017conaty, dw\u00f3jka dzieci, rzymski katolik<\/li>\n<\/ul>\n\n\n\n<p><strong>Zainteresowania<\/strong><br>Prywatnie interesuj\u0119 si\u0119 histori\u0105, w szczeg\u00f3lno\u015bci histori\u0105 wojskowo\u015bci. Ksi\u0105\u017cki, kt\u00f3re mog\u0119 czyta\u0107 wci\u0105\u017c na nowo: Delbr\u00fcck,\u00a0<em>Geschichte der Kriegskunst im Rahmen der politischen Geschichte<\/em>; Droysen,\u00a0<em>Geschichte Alexanders des Gro\u00dfen<\/em>; Gibbon,\u00a0<em><em>The History of the Decline and Fall of the Roman Empire<\/em><\/em>. O sprawno\u015b\u0107 fizyczn\u0105 dbam biegaj\u0105c i uprawiaj\u0105c strzelectwo dynamiczne.<br><\/p>\n\n\n\n<p><\/p>","protected":false},"excerpt":{"rendered":"<p>HobbysPrivat interessiere ich mich f\u00fcr Geschichte, insbesondere Milit\u00e4rgeschichte. B\u00fccher, die ich immer wieder lesen kann: Delbr\u00fcck,\u00a0Geschichte der Kriegskunst im Rahmen der politischen Geschichte; Droysen,\u00a0Geschichte Alexanders des Gro\u00dfen; Gibbon,\u00a0The History of the Decline and Fall of the Roman Empire. K\u00f6rperlich fit &hellip; <a href=\"https:\/\/anwalt.net.pl\/pl\/\">Czytaj dalej <span class=\"meta-nav\">&rarr;<\/span><\/a><\/p>","protected":false},"author":1,"featured_media":0,"parent":0,"menu_order":0,"comment_status":"closed","ping_status":"closed","template":"","meta":{"footnotes":""},"class_list":["post-6","page","type-page","status-publish","hentry"],"_links":{"self":[{"href":"https:\/\/anwalt.net.pl\/pl\/wp-json\/wp\/v2\/pages\/6","targetHints":{"allow":["GET"]}}],"collection":[{"href":"https:\/\/anwalt.net.pl\/pl\/wp-json\/wp\/v2\/pages"}],"about":[{"href":"https:\/\/anwalt.net.pl\/pl\/wp-json\/wp\/v2\/types\/page"}],"author":[{"embeddable":true,"href":"https:\/\/anwalt.net.pl\/pl\/wp-json\/wp\/v2\/users\/1"}],"replies":[{"embeddable":true,"href":"https:\/\/anwalt.net.pl\/pl\/wp-json\/wp\/v2\/comments?post=6"}],"version-history":[{"count":23,"href":"https:\/\/anwalt.net.pl\/pl\/wp-json\/wp\/v2\/pages\/6\/revisions"}],"predecessor-version":[{"id":307,"href":"https:\/\/anwalt.net.pl\/pl\/wp-json\/wp\/v2\/pages\/6\/revisions\/307"}],"wp:attachment":[{"href":"https:\/\/anwalt.net.pl\/pl\/wp-json\/wp\/v2\/media?parent=6"}],"curies":[{"name":"wp","href":"https:\/\/api.w.org\/{rel}","templated":true}]}}